{"id":2,"date":"2025-04-03T01:16:20","date_gmt":"2025-04-03T01:16:20","guid":{"rendered":"https:\/\/isidoragoyenechea.cl\/?page_id=2"},"modified":"2025-04-10T03:43:48","modified_gmt":"2025-04-10T03:43:48","slug":"sample-page","status":"publish","type":"page","link":"https:\/\/isidoragoyenechea.cl\/?page_id=2","title":{"rendered":"Nosotros"},"content":{"rendered":"\n<p>Este camino de organizaci\u00f3n gremial se inici\u00f3 a trav\u00e9s de las movilizaciones obreras,    En donde a ra\u00edz de la crisis laboral de la \u00e9poca, los trabajadores se organizaron, creando los sindicatos de ex trabajadores mineros.<\/p>\n\n\n\n<p>Las condiciones de vida de los trabajadores mineros de Lota y Coronel durante el siglo XIX eran poco menos que inhumanas: hacinamiento y falta de viviendas adecuadas.<\/p>\n\n\n\n<p>Velamos por los intereses individuales y colectivos de nuestras socias y socios. Atendemos todas tus consultas, inquietudes y solicitudes en lo posible de manera personal, buscando siempre una relaci\u00f3n directa entre el Sindicato y el asociado. Esta es, una de nuestras mayores fortalezas como organizaci\u00f3n sindical.<\/p>\n\n\n\n<ul class=\"wp-block-list\">\n<li>Siempre vamos a estar contigo<\/li>\n\n\n\n<li>Tienes nuestra principal atenci\u00f3n<\/li>\n\n\n\n<li>Buscamos convenios y beneficios activamente<\/li>\n\n\n\n<li>Fomentamos socias y socios \u00edntegros y dignos<\/li>\n<\/ul>\n\n\n\n<p><\/p>\n\n\n\n<div class=\"wp-block-group alignfull has-background-color has-white-color has-black-background-color has-text-color has-background has-link-color wp-elements-d133c39a2969069675e68e8f60dad385 is-vertical is-content-justification-stretch is-layout-flex wp-container-core-group-is-layout-47eb2bc5 wp-block-group-is-layout-flex\" style=\"min-height:40vh;margin-top:0;margin-bottom:0;padding-top:var(--wp--preset--spacing--60);padding-right:var(--wp--preset--spacing--40);padding-bottom:var(--wp--preset--spacing--60);padding-left:var(--wp--preset--spacing--40)\">\n<div class=\"wp-block-columns alignwide has-small-font-size is-layout-flex wp-container-core-columns-is-layout-9d6595d7 wp-block-columns-is-layout-flex\">\n<div class=\"wp-block-column is-layout-flow wp-block-column-is-layout-flow\">\n<p class=\"has-text-align-center\">Location<\/p>\n\n\n\n<p class=\"has-text-align-center\">2020 Lomita Blvd,&nbsp;<br>Torrance, CA 90101<br>United States<\/p>\n\n\n\n<div style=\"height:24px\" aria-hidden=\"true\" class=\"wp-block-spacer\"><\/div>\n<\/div>\n\n\n\n<div class=\"wp-block-column is-layout-flow wp-block-column-is-layout-flow\">\n<p class=\"has-text-align-center\">Pages<\/p>\n\n\n<nav class=\"has-small-font-size items-justified-center is-vertical no-wrap wp-block-navigation is-content-justification-center is-nowrap is-layout-flex wp-container-core-navigation-is-layout-685400d0 wp-block-navigation-is-layout-flex\" aria-label=\"Navigation\"><ul class=\"wp-block-navigation__container has-small-font-size items-justified-center is-vertical no-wrap wp-block-navigation has-small-font-size\"><ul class=\"has-small-font-size wp-block-page-list\"><li class=\"wp-block-pages-list__item wp-block-navigation-item open-on-hover-click\"><a class=\"wp-block-pages-list__item__link wp-block-navigation-item__content\" href=\"https:\/\/isidoragoyenechea.cl\/?page_id=7\">Convenios<\/a><\/li><li class=\"wp-block-pages-list__item wp-block-navigation-item open-on-hover-click menu-item-home\"><a class=\"wp-block-pages-list__item__link wp-block-navigation-item__content\" href=\"https:\/\/isidoragoyenechea.cl\/\">Inicio<\/a><\/li><li class=\"wp-block-pages-list__item wp-block-navigation-item open-on-hover-click\"><a class=\"wp-block-pages-list__item__link wp-block-navigation-item__content\" href=\"https:\/\/isidoragoyenechea.cl\/?page_id=2\">Nosotros<\/a><\/li><li class=\"wp-block-pages-list__item wp-block-navigation-item open-on-hover-click\"><a class=\"wp-block-pages-list__item__link wp-block-navigation-item__content\" href=\"https:\/\/isidoragoyenechea.cl\/?page_id=182\">Pol\u00edtica de privacidad<\/a><\/li><\/ul><\/ul><\/nav>\n\n\n<div style=\"height:24px\" aria-hidden=\"true\" class=\"wp-block-spacer\"><\/div>\n<\/div>\n\n\n\n<div class=\"wp-block-column is-layout-flow wp-block-column-is-layout-flow\">\n<p class=\"has-text-align-center\">Follow us<\/p>\n\n\n\n<div class=\"wp-block-group is-vertical is-content-justification-center is-layout-flex wp-container-core-group-is-layout-bdd043ae wp-block-group-is-layout-flex\">\n<p><a href=\"#\">Facebook<\/a><\/p>\n\n\n\n<p><a href=\"#\">Instagram<\/a><\/p>\n\n\n\n<p><a href=\"#\">Twitter<\/a><\/p>\n<\/div>\n\n\n\n<div style=\"height:24px\" aria-hidden=\"true\" class=\"wp-block-spacer\"><\/div>\n<\/div>\n<\/div>\n\n\n\n<div class=\"wp-block-group alignwide is-content-justification-center is-layout-flex wp-container-core-group-is-layout-5590e8cb wp-block-group-is-layout-flex\">\n<p class=\"has-text-align-center has-small-font-size\"> Proudly powered by <a rel=\"nofollow\" href=\"https:\/\/wordpress.org\">WordPress<\/a> <\/p>\n<\/div>\n<\/div>\n","protected":false},"excerpt":{"rendered":"<p>Este camino de organizaci\u00f3n gremial se inici\u00f3 a trav\u00e9s de las movilizaciones obreras, [&hellip;]<\/p>\n","protected":false},"author":1,"featured_media":0,"parent":0,"menu_order":0,"comment_status":"closed","ping_status":"closed","template":"","meta":{"footnotes":""},"class_list":["post-2","page","type-page","status-publish","hentry"],"_links":{"self":[{"href":"https:\/\/isidoragoyenechea.cl\/index.php?rest_route=\/wp\/v2\/pages\/2","targetHints":{"allow":["GET"]}}],"collection":[{"href":"https:\/\/isidoragoyenechea.cl\/index.php?rest_route=\/wp\/v2\/pages"}],"about":[{"href":"https:\/\/isidoragoyenechea.cl\/index.php?rest_route=\/wp\/v2\/types\/page"}],"author":[{"embeddable":true,"href":"https:\/\/isidoragoyenechea.cl\/index.php?rest_route=\/wp\/v2\/users\/1"}],"replies":[{"embeddable":true,"href":"https:\/\/isidoragoyenechea.cl\/index.php?rest_route=%2Fwp%2Fv2%2Fcomments&post=2"}],"version-history":[{"count":8,"href":"https:\/\/isidoragoyenechea.cl\/index.php?rest_route=\/wp\/v2\/pages\/2\/revisions"}],"predecessor-version":[{"id":513,"href":"https:\/\/isidoragoyenechea.cl\/index.php?rest_route=\/wp\/v2\/pages\/2\/revisions\/513"}],"wp:attachment":[{"href":"https:\/\/isidoragoyenechea.cl\/index.php?rest_route=%2Fwp%2Fv2%2Fmedia&parent=2"}],"curies":[{"name":"wp","href":"https:\/\/api.w.org\/{rel}","templated":true}]}}